{"id":23461,"date":"2026-01-07T10:50:23","date_gmt":"2026-01-07T10:50:23","guid":{"rendered":"https:\/\/kayros-eyewear.com\/?post_type=product&#038;p=23461"},"modified":"2026-01-07T11:03:15","modified_gmt":"2026-01-07T11:03:15","slug":"verso-camel","status":"publish","type":"product","link":"https:\/\/kayros-eyewear.com\/en\/product\/verso-camel\/","title":{"rendered":"VERSO CAMEL"},"content":{"rendered":"<p>Las gafas <strong>Verso Camel<\/strong> de Kayros forman parte de nuestra selecci\u00f3n de <a href=\"https:\/\/kayros-eyewear.com\/en\/product-category\/graduado\/\" target=\"_blank\" rel=\"noopener\">gafas graduadas<\/a>, elaboradas artesanalmente en acetato de alta calidad. Su <strong>dise\u00f1o<\/strong> <strong>ligeramente redondeado<\/strong> presenta un acabado carey en tonos marr\u00f3n y \u00e1mbar que aporta calidez y car\u00e1cter. La montura, gruesa pero equilibrada, ofrece resistencia, comodidad y un estilo atemporal perfecto para el uso diario.<\/p>","protected":false},"excerpt":{"rendered":"<p>Las gafas Verso Camel de Kayros forman parte de nuestra selecci\u00f3n de gafas graduadas, elaboradas artesanalmente en acetato de alta calidad. Su dise\u00f1o ligeramente redondeado presenta un acabado carey en tonos marr\u00f3n y \u00e1mbar que aporta calidez y car\u00e1cter. La montura, gruesa pero equilibrada, ofrece resistencia, comodidad y un estilo atemporal perfecto para el uso [&hellip;]<\/p>\n","protected":false},"featured_media":23462,"template":"","meta":{"_acf_changed":false,"_joinchat":[]},"product_brand":[],"product_cat":[59,133],"product_tag":[],"class_list":{"0":"post-23461","1":"product","2":"type-product","3":"status-publish","4":"has-post-thumbnail","6":"product_cat-colecciones-gafas-premium","7":"product_cat-kayros","8":"pa_color-rojo","10":"first","11":"instock","12":"taxable","13":"shipping-taxable","14":"purchasable","15":"product-type-simple"},"acf":[],"yoast_head":"<!-- This site is optimized with the Yoast SEO plugin v27.4 - https:\/\/yoast.com\/product\/yoast-seo-wordpress\/ -->\n<title>Verso Camel | Gafas Kayros<\/title>\n<meta name=\"description\" content=\"Descubre las gafas Verso Camel de Kayros: montura artesanal en acetato premium, forma ligeramente redondeada y un dise\u00f1o en tonos carey.\" \/>\n<meta name=\"robots\" content=\"index, follow, max-snippet:-1, max-image-preview:large, max-video-preview:-1\" \/>\n<link rel=\"canonical\" href=\"https:\/\/kayros-eyewear.com\/en\/product\/verso-camel\/\" \/>\n<meta property=\"og:locale\" content=\"en_GB\" \/>\n<meta property=\"og:type\" content=\"article\" \/>\n<meta property=\"og:title\" content=\"Verso Camel | Gafas Kayros\" \/>\n<meta property=\"og:description\" content=\"Descubre las gafas Verso Camel de Kayros: montura artesanal en acetato premium, forma ligeramente redondeada y un dise\u00f1o en tonos carey.\" \/>\n<meta property=\"og:url\" content=\"https:\/\/kayros-eyewear.com\/en\/product\/verso-camel\/\" \/>\n<meta property=\"og:site_name\" content=\"KAYROS EYEWEAR\" \/>\n<meta property=\"article:modified_time\" content=\"2026-01-07T11:03:15+00:00\" \/>\n<meta property=\"og:image\" content=\"https:\/\/kayros-eyewear.com\/wp-content\/uploads\/2025\/11\/VERSO-C4-2-scaled.jpg\" \/>\n\t<meta property=\"og:image:width\" content=\"2560\" \/>\n\t<meta property=\"og:image:height\" content=\"1816\" \/>\n\t<meta property=\"og:image:type\" content=\"image\/jpeg\" \/>\n<meta name=\"twitter:card\" content=\"summary_large_image\" \/>\n<meta name=\"twitter:label1\" content=\"Estimated reading time\" \/>\n\t<meta name=\"twitter:data1\" content=\"1 minute\" \/>\n<script type=\"application\/ld+json\" class=\"yoast-schema-graph\">{\"@context\":\"https:\\\/\\\/schema.org\",\"@graph\":[{\"@type\":\"WebPage\",\"@id\":\"https:\\\/\\\/kayros-eyewear.com\\\/producto\\\/verso-camel\\\/\",\"url\":\"https:\\\/\\\/kayros-eyewear.com\\\/producto\\\/verso-camel\\\/\",\"name\":\"Verso Camel | Gafas Kayros\",\"isPartOf\":{\"@id\":\"https:\\\/\\\/kayros-eyewear.com\\\/#website\"},\"primaryImageOfPage\":{\"@id\":\"https:\\\/\\\/kayros-eyewear.com\\\/producto\\\/verso-camel\\\/#primaryimage\"},\"image\":{\"@id\":\"https:\\\/\\\/kayros-eyewear.com\\\/producto\\\/verso-camel\\\/#primaryimage\"},\"thumbnailUrl\":\"https:\\\/\\\/kayros-eyewear.com\\\/wp-content\\\/uploads\\\/2025\\\/11\\\/VERSO-C4-2-scaled.jpg\",\"datePublished\":\"2026-01-07T10:50:23+00:00\",\"dateModified\":\"2026-01-07T11:03:15+00:00\",\"description\":\"Descubre las gafas Verso Camel de Kayros: montura artesanal en acetato premium, forma ligeramente redondeada y un dise\u00f1o en tonos carey.\",\"breadcrumb\":{\"@id\":\"https:\\\/\\\/kayros-eyewear.com\\\/producto\\\/verso-camel\\\/#breadcrumb\"},\"inLanguage\":\"en-GB\",\"potentialAction\":[{\"@type\":\"ReadAction\",\"target\":[\"https:\\\/\\\/kayros-eyewear.com\\\/producto\\\/verso-camel\\\/\"]}]},{\"@type\":\"ImageObject\",\"inLanguage\":\"en-GB\",\"@id\":\"https:\\\/\\\/kayros-eyewear.com\\\/producto\\\/verso-camel\\\/#primaryimage\",\"url\":\"https:\\\/\\\/kayros-eyewear.com\\\/wp-content\\\/uploads\\\/2025\\\/11\\\/VERSO-C4-2-scaled.jpg\",\"contentUrl\":\"https:\\\/\\\/kayros-eyewear.com\\\/wp-content\\\/uploads\\\/2025\\\/11\\\/VERSO-C4-2-scaled.jpg\",\"width\":2560,\"height\":1816,\"caption\":\"gafas Verso Camel\"},{\"@type\":\"BreadcrumbList\",\"@id\":\"https:\\\/\\\/kayros-eyewear.com\\\/producto\\\/verso-camel\\\/#breadcrumb\",\"itemListElement\":[{\"@type\":\"ListItem\",\"position\":1,\"name\":\"Portada\",\"item\":\"https:\\\/\\\/kayros-eyewear.com\\\/\"},{\"@type\":\"ListItem\",\"position\":2,\"name\":\"Products\",\"item\":\"https:\\\/\\\/kayros-eyewear.com\\\/tienda\\\/\"},{\"@type\":\"ListItem\",\"position\":3,\"name\":\"VERSO CAMEL\"}]},{\"@type\":\"WebSite\",\"@id\":\"https:\\\/\\\/kayros-eyewear.com\\\/#website\",\"url\":\"https:\\\/\\\/kayros-eyewear.com\\\/\",\"name\":\"KAYROS EYEWEAR\",\"description\":\"Kayros Eyewear | gafas graduadas y de sol \",\"publisher\":{\"@id\":\"https:\\\/\\\/kayros-eyewear.com\\\/#organization\"},\"potentialAction\":[{\"@type\":\"SearchAction\",\"target\":{\"@type\":\"EntryPoint\",\"urlTemplate\":\"https:\\\/\\\/kayros-eyewear.com\\\/?s={search_term_string}\"},\"query-input\":{\"@type\":\"PropertyValueSpecification\",\"valueRequired\":true,\"valueName\":\"search_term_string\"}}],\"inLanguage\":\"en-GB\"},{\"@type\":\"Organization\",\"@id\":\"https:\\\/\\\/kayros-eyewear.com\\\/#organization\",\"name\":\"KAYROS EYEWEAR\",\"url\":\"https:\\\/\\\/kayros-eyewear.com\\\/\",\"logo\":{\"@type\":\"ImageObject\",\"inLanguage\":\"en-GB\",\"@id\":\"https:\\\/\\\/kayros-eyewear.com\\\/#\\\/schema\\\/logo\\\/image\\\/\",\"url\":\"https:\\\/\\\/kayros-eyewear.com\\\/wp-content\\\/uploads\\\/2023\\\/09\\\/KAYROS-KAMALA-e1774266629866.png\",\"contentUrl\":\"https:\\\/\\\/kayros-eyewear.com\\\/wp-content\\\/uploads\\\/2023\\\/09\\\/KAYROS-KAMALA-e1774266629866.png\",\"width\":1920,\"height\":195,\"caption\":\"KAYROS EYEWEAR\"},\"image\":{\"@id\":\"https:\\\/\\\/kayros-eyewear.com\\\/#\\\/schema\\\/logo\\\/image\\\/\"},\"sameAs\":[\"https:\\\/\\\/instagram.com\\\/kayroseyewear\\\/\"]}]}<\/script>\n<!-- \/ Yoast SEO plugin. -->","yoast_head_json":{"title":"Verso Camel | Gafas Kayros","description":"Descubre las gafas Verso Camel de Kayros: montura artesanal en acetato premium, forma ligeramente redondeada y un dise\u00f1o en tonos carey.","robots":{"index":"index","follow":"follow","max-snippet":"max-snippet:-1","max-image-preview":"max-image-preview:large","max-video-preview":"max-video-preview:-1"},"canonical":"https:\/\/kayros-eyewear.com\/en\/product\/verso-camel\/","og_locale":"en_GB","og_type":"article","og_title":"Verso Camel | Gafas Kayros","og_description":"Descubre las gafas Verso Camel de Kayros: montura artesanal en acetato premium, forma ligeramente redondeada y un dise\u00f1o en tonos carey.","og_url":"https:\/\/kayros-eyewear.com\/en\/product\/verso-camel\/","og_site_name":"KAYROS EYEWEAR","article_modified_time":"2026-01-07T11:03:15+00:00","og_image":[{"width":2560,"height":1816,"url":"https:\/\/kayros-eyewear.com\/wp-content\/uploads\/2025\/11\/VERSO-C4-2-scaled.jpg","type":"image\/jpeg"}],"twitter_card":"summary_large_image","twitter_misc":{"Estimated reading time":"1 minute"},"schema":{"@context":"https:\/\/schema.org","@graph":[{"@type":"WebPage","@id":"https:\/\/kayros-eyewear.com\/producto\/verso-camel\/","url":"https:\/\/kayros-eyewear.com\/producto\/verso-camel\/","name":"Verso Camel | Gafas Kayros","isPartOf":{"@id":"https:\/\/kayros-eyewear.com\/#website"},"primaryImageOfPage":{"@id":"https:\/\/kayros-eyewear.com\/producto\/verso-camel\/#primaryimage"},"image":{"@id":"https:\/\/kayros-eyewear.com\/producto\/verso-camel\/#primaryimage"},"thumbnailUrl":"https:\/\/kayros-eyewear.com\/wp-content\/uploads\/2025\/11\/VERSO-C4-2-scaled.jpg","datePublished":"2026-01-07T10:50:23+00:00","dateModified":"2026-01-07T11:03:15+00:00","description":"Descubre las gafas Verso Camel de Kayros: montura artesanal en acetato premium, forma ligeramente redondeada y un dise\u00f1o en tonos carey.","breadcrumb":{"@id":"https:\/\/kayros-eyewear.com\/producto\/verso-camel\/#breadcrumb"},"inLanguage":"en-GB","potentialAction":[{"@type":"ReadAction","target":["https:\/\/kayros-eyewear.com\/producto\/verso-camel\/"]}]},{"@type":"ImageObject","inLanguage":"en-GB","@id":"https:\/\/kayros-eyewear.com\/producto\/verso-camel\/#primaryimage","url":"https:\/\/kayros-eyewear.com\/wp-content\/uploads\/2025\/11\/VERSO-C4-2-scaled.jpg","contentUrl":"https:\/\/kayros-eyewear.com\/wp-content\/uploads\/2025\/11\/VERSO-C4-2-scaled.jpg","width":2560,"height":1816,"caption":"gafas Verso Camel"},{"@type":"BreadcrumbList","@id":"https:\/\/kayros-eyewear.com\/producto\/verso-camel\/#breadcrumb","itemListElement":[{"@type":"ListItem","position":1,"name":"Portada","item":"https:\/\/kayros-eyewear.com\/"},{"@type":"ListItem","position":2,"name":"Products","item":"https:\/\/kayros-eyewear.com\/tienda\/"},{"@type":"ListItem","position":3,"name":"VERSO CAMEL"}]},{"@type":"WebSite","@id":"https:\/\/kayros-eyewear.com\/#website","url":"https:\/\/kayros-eyewear.com\/","name":"KAYROS EYEWEAR","description":"Kayros Eyewear | gafas graduadas y de sol","publisher":{"@id":"https:\/\/kayros-eyewear.com\/#organization"},"potentialAction":[{"@type":"SearchAction","target":{"@type":"EntryPoint","urlTemplate":"https:\/\/kayros-eyewear.com\/?s={search_term_string}"},"query-input":{"@type":"PropertyValueSpecification","valueRequired":true,"valueName":"search_term_string"}}],"inLanguage":"en-GB"},{"@type":"Organization","@id":"https:\/\/kayros-eyewear.com\/#organization","name":"KAYROS EYEWEAR","url":"https:\/\/kayros-eyewear.com\/","logo":{"@type":"ImageObject","inLanguage":"en-GB","@id":"https:\/\/kayros-eyewear.com\/#\/schema\/logo\/image\/","url":"https:\/\/kayros-eyewear.com\/wp-content\/uploads\/2023\/09\/KAYROS-KAMALA-e1774266629866.png","contentUrl":"https:\/\/kayros-eyewear.com\/wp-content\/uploads\/2023\/09\/KAYROS-KAMALA-e1774266629866.png","width":1920,"height":195,"caption":"KAYROS EYEWEAR"},"image":{"@id":"https:\/\/kayros-eyewear.com\/#\/schema\/logo\/image\/"},"sameAs":["https:\/\/instagram.com\/kayroseyewear\/"]}]}},"_links":{"self":[{"href":"https:\/\/kayros-eyewear.com\/en\/wp-json\/wp\/v2\/product\/23461","targetHints":{"allow":["GET"]}}],"collection":[{"href":"https:\/\/kayros-eyewear.com\/en\/wp-json\/wp\/v2\/product"}],"about":[{"href":"https:\/\/kayros-eyewear.com\/en\/wp-json\/wp\/v2\/types\/product"}],"version-history":[{"count":3,"href":"https:\/\/kayros-eyewear.com\/en\/wp-json\/wp\/v2\/product\/23461\/revisions"}],"predecessor-version":[{"id":24253,"href":"https:\/\/kayros-eyewear.com\/en\/wp-json\/wp\/v2\/product\/23461\/revisions\/24253"}],"wp:featuredmedia":[{"embeddable":true,"href":"https:\/\/kayros-eyewear.com\/en\/wp-json\/wp\/v2\/media\/23462"}],"wp:attachment":[{"href":"https:\/\/kayros-eyewear.com\/en\/wp-json\/wp\/v2\/media?parent=23461"}],"wp:term":[{"taxonomy":"product_brand","embeddable":true,"href":"https:\/\/kayros-eyewear.com\/en\/wp-json\/wp\/v2\/product_brand?post=23461"},{"taxonomy":"product_cat","embeddable":true,"href":"https:\/\/kayros-eyewear.com\/en\/wp-json\/wp\/v2\/product_cat?post=23461"},{"taxonomy":"product_tag","embeddable":true,"href":"https:\/\/kayros-eyewear.com\/en\/wp-json\/wp\/v2\/product_tag?post=23461"}],"curies":[{"name":"wp","href":"https:\/\/api.w.org\/{rel}","templated":true}]}}