{"id":23386,"date":"2026-01-07T09:08:13","date_gmt":"2026-01-07T09:08:13","guid":{"rendered":"https:\/\/kayros-eyewear.com\/?post_type=product&#038;p=23386"},"modified":"2026-02-24T10:29:12","modified_gmt":"2026-02-24T10:29:12","slug":"loom-grey","status":"publish","type":"product","link":"https:\/\/kayros-eyewear.com\/en\/product\/loom-grey\/","title":{"rendered":"LOOM GREY"},"content":{"rendered":"<p style=\"text-align: left;\">Las gafas <strong>LOOM<\/strong> de Kayros forman parte de nuestra selecci\u00f3n de <a href=\"https:\/\/kayros-eyewear.com\/en\/product-category\/graduado\/\" target=\"_blank\" rel=\"noopener\"><strong>gafas graduadas<\/strong><\/a> con una montura elaborada de manera artesanal que destaca por su <strong>dise\u00f1o cuadrado <\/strong>con materiales premium, ofreciendo una combinaci\u00f3n de dise\u00f1o cuidado, resistencia y comodidad.<\/p>","protected":false},"excerpt":{"rendered":"<p>Las gafas LOOM de Kayros forman parte de nuestra selecci\u00f3n de gafas graduadas con una montura elaborada de manera artesanal que destaca por su dise\u00f1o cuadrado con materiales premium, ofreciendo una combinaci\u00f3n de dise\u00f1o cuidado, resistencia y comodidad.<\/p>","protected":false},"featured_media":23381,"template":"","meta":{"_acf_changed":false,"_joinchat":[]},"product_brand":[],"product_cat":[51,46,54,357,55,106],"product_tag":[],"class_list":{"0":"post-23386","1":"product","2":"type-product","3":"status-publish","4":"has-post-thumbnail","6":"product_cat-acetato","7":"product_cat-graduado","8":"product_cat-hombre-graduado","9":"product_cat-kamala","10":"product_cat-mujer-graduado","11":"product_cat-unisex-graduado","12":"pa_color-azul","13":"pa_color-gris","14":"pa_color-negro","16":"first","17":"instock","18":"taxable","19":"shipping-taxable","20":"product-type-simple"},"acf":[],"yoast_head":"<!-- This site is optimized with the Yoast SEO plugin v27.4 - https:\/\/yoast.com\/product\/yoast-seo-wordpress\/ -->\n<title>Loom Grey | Gafas Kayros<\/title>\n<meta name=\"description\" content=\"Descubre las gafas Loom Grey de Kayros: montura artesanal de acetato premium, dise\u00f1o cuadrado y estilo elegante para un look sofisticado y c\u00f3modo.\" \/>\n<meta name=\"robots\" content=\"index, follow, max-snippet:-1, max-image-preview:large, max-video-preview:-1\" \/>\n<link rel=\"canonical\" href=\"https:\/\/kayros-eyewear.com\/en\/product\/loom-grey\/\" \/>\n<meta property=\"og:locale\" content=\"en_GB\" \/>\n<meta property=\"og:type\" content=\"article\" \/>\n<meta property=\"og:title\" content=\"Loom Grey | Gafas Kayros\" \/>\n<meta property=\"og:description\" content=\"Descubre las gafas Loom Grey de Kayros: montura artesanal de acetato premium, dise\u00f1o cuadrado y estilo elegante para un look sofisticado y c\u00f3modo.\" \/>\n<meta property=\"og:url\" content=\"https:\/\/kayros-eyewear.com\/en\/product\/loom-grey\/\" \/>\n<meta property=\"og:site_name\" content=\"KAYROS\" \/>\n<meta property=\"article:modified_time\" content=\"2026-02-24T10:29:12+00:00\" \/>\n<meta property=\"og:image\" content=\"https:\/\/kayros-eyewear.com\/wp-content\/uploads\/2025\/11\/LOOM-C3-2-scaled.jpg\" \/>\n\t<meta property=\"og:image:width\" content=\"2560\" \/>\n\t<meta property=\"og:image:height\" content=\"1816\" \/>\n\t<meta property=\"og:image:type\" content=\"image\/jpeg\" \/>\n<meta name=\"twitter:card\" content=\"summary_large_image\" \/>\n<meta name=\"twitter:label1\" content=\"Estimated reading time\" \/>\n\t<meta name=\"twitter:data1\" content=\"1 minute\" \/>\n<script type=\"application\/ld+json\" class=\"yoast-schema-graph\">{\"@context\":\"https:\\\/\\\/schema.org\",\"@graph\":[{\"@type\":\"WebPage\",\"@id\":\"https:\\\/\\\/kayros-eyewear.com\\\/producto\\\/loom-grey\\\/\",\"url\":\"https:\\\/\\\/kayros-eyewear.com\\\/producto\\\/loom-grey\\\/\",\"name\":\"Loom Grey | Gafas Kayros\",\"isPartOf\":{\"@id\":\"https:\\\/\\\/kayros-eyewear.com\\\/#website\"},\"primaryImageOfPage\":{\"@id\":\"https:\\\/\\\/kayros-eyewear.com\\\/producto\\\/loom-grey\\\/#primaryimage\"},\"image\":{\"@id\":\"https:\\\/\\\/kayros-eyewear.com\\\/producto\\\/loom-grey\\\/#primaryimage\"},\"thumbnailUrl\":\"https:\\\/\\\/kayros-eyewear.com\\\/wp-content\\\/uploads\\\/2025\\\/11\\\/LOOM-C3-2-scaled.jpg\",\"datePublished\":\"2026-01-07T09:08:13+00:00\",\"dateModified\":\"2026-02-24T10:29:12+00:00\",\"description\":\"Descubre las gafas Loom Grey de Kayros: montura artesanal de acetato premium, dise\u00f1o cuadrado y estilo elegante para un look sofisticado y c\u00f3modo.\",\"breadcrumb\":{\"@id\":\"https:\\\/\\\/kayros-eyewear.com\\\/producto\\\/loom-grey\\\/#breadcrumb\"},\"inLanguage\":\"en-GB\",\"potentialAction\":[{\"@type\":\"ReadAction\",\"target\":[\"https:\\\/\\\/kayros-eyewear.com\\\/producto\\\/loom-grey\\\/\"]}]},{\"@type\":\"ImageObject\",\"inLanguage\":\"en-GB\",\"@id\":\"https:\\\/\\\/kayros-eyewear.com\\\/producto\\\/loom-grey\\\/#primaryimage\",\"url\":\"https:\\\/\\\/kayros-eyewear.com\\\/wp-content\\\/uploads\\\/2025\\\/11\\\/LOOM-C3-2-scaled.jpg\",\"contentUrl\":\"https:\\\/\\\/kayros-eyewear.com\\\/wp-content\\\/uploads\\\/2025\\\/11\\\/LOOM-C3-2-scaled.jpg\",\"width\":2560,\"height\":1816},{\"@type\":\"BreadcrumbList\",\"@id\":\"https:\\\/\\\/kayros-eyewear.com\\\/producto\\\/loom-grey\\\/#breadcrumb\",\"itemListElement\":[{\"@type\":\"ListItem\",\"position\":1,\"name\":\"Portada\",\"item\":\"https:\\\/\\\/kayros-eyewear.com\\\/\"},{\"@type\":\"ListItem\",\"position\":2,\"name\":\"Products\",\"item\":\"https:\\\/\\\/kayros-eyewear.com\\\/tienda\\\/\"},{\"@type\":\"ListItem\",\"position\":3,\"name\":\"LOOM GREY\"}]},{\"@type\":\"WebSite\",\"@id\":\"https:\\\/\\\/kayros-eyewear.com\\\/#website\",\"url\":\"https:\\\/\\\/kayros-eyewear.com\\\/\",\"name\":\"KAYROS EYEWEAR\",\"description\":\"Kayros | gafas graduadas Barcelona Espa\u00f1a\",\"publisher\":{\"@id\":\"https:\\\/\\\/kayros-eyewear.com\\\/#organization\"},\"potentialAction\":[{\"@type\":\"SearchAction\",\"target\":{\"@type\":\"EntryPoint\",\"urlTemplate\":\"https:\\\/\\\/kayros-eyewear.com\\\/?s={search_term_string}\"},\"query-input\":{\"@type\":\"PropertyValueSpecification\",\"valueRequired\":true,\"valueName\":\"search_term_string\"}}],\"inLanguage\":\"en-GB\"},{\"@type\":\"Organization\",\"@id\":\"https:\\\/\\\/kayros-eyewear.com\\\/#organization\",\"name\":\"KAYROS EYEWEAR\",\"url\":\"https:\\\/\\\/kayros-eyewear.com\\\/\",\"logo\":{\"@type\":\"ImageObject\",\"inLanguage\":\"en-GB\",\"@id\":\"https:\\\/\\\/kayros-eyewear.com\\\/#\\\/schema\\\/logo\\\/image\\\/\",\"url\":\"https:\\\/\\\/kayros-eyewear.com\\\/wp-content\\\/uploads\\\/2023\\\/09\\\/KAYROS-KAMALA-e1774266629866.png\",\"contentUrl\":\"https:\\\/\\\/kayros-eyewear.com\\\/wp-content\\\/uploads\\\/2023\\\/09\\\/KAYROS-KAMALA-e1774266629866.png\",\"width\":1920,\"height\":195,\"caption\":\"KAYROS EYEWEAR\"},\"image\":{\"@id\":\"https:\\\/\\\/kayros-eyewear.com\\\/#\\\/schema\\\/logo\\\/image\\\/\"},\"sameAs\":[\"https:\\\/\\\/instagram.com\\\/kayroseyewear\\\/\"]}]}<\/script>\n<!-- \/ Yoast SEO plugin. -->","yoast_head_json":{"title":"Loom Grey | Gafas Kayros","description":"Descubre las gafas Loom Grey de Kayros: montura artesanal de acetato premium, dise\u00f1o cuadrado y estilo elegante para un look sofisticado y c\u00f3modo.","robots":{"index":"index","follow":"follow","max-snippet":"max-snippet:-1","max-image-preview":"max-image-preview:large","max-video-preview":"max-video-preview:-1"},"canonical":"https:\/\/kayros-eyewear.com\/en\/product\/loom-grey\/","og_locale":"en_GB","og_type":"article","og_title":"Loom Grey | Gafas Kayros","og_description":"Descubre las gafas Loom Grey de Kayros: montura artesanal de acetato premium, dise\u00f1o cuadrado y estilo elegante para un look sofisticado y c\u00f3modo.","og_url":"https:\/\/kayros-eyewear.com\/en\/product\/loom-grey\/","og_site_name":"KAYROS","article_modified_time":"2026-02-24T10:29:12+00:00","og_image":[{"width":2560,"height":1816,"url":"https:\/\/kayros-eyewear.com\/wp-content\/uploads\/2025\/11\/LOOM-C3-2-scaled.jpg","type":"image\/jpeg"}],"twitter_card":"summary_large_image","twitter_misc":{"Estimated reading time":"1 minute"},"schema":{"@context":"https:\/\/schema.org","@graph":[{"@type":"WebPage","@id":"https:\/\/kayros-eyewear.com\/producto\/loom-grey\/","url":"https:\/\/kayros-eyewear.com\/producto\/loom-grey\/","name":"Loom Grey | Gafas Kayros","isPartOf":{"@id":"https:\/\/kayros-eyewear.com\/#website"},"primaryImageOfPage":{"@id":"https:\/\/kayros-eyewear.com\/producto\/loom-grey\/#primaryimage"},"image":{"@id":"https:\/\/kayros-eyewear.com\/producto\/loom-grey\/#primaryimage"},"thumbnailUrl":"https:\/\/kayros-eyewear.com\/wp-content\/uploads\/2025\/11\/LOOM-C3-2-scaled.jpg","datePublished":"2026-01-07T09:08:13+00:00","dateModified":"2026-02-24T10:29:12+00:00","description":"Descubre las gafas Loom Grey de Kayros: montura artesanal de acetato premium, dise\u00f1o cuadrado y estilo elegante para un look sofisticado y c\u00f3modo.","breadcrumb":{"@id":"https:\/\/kayros-eyewear.com\/producto\/loom-grey\/#breadcrumb"},"inLanguage":"en-GB","potentialAction":[{"@type":"ReadAction","target":["https:\/\/kayros-eyewear.com\/producto\/loom-grey\/"]}]},{"@type":"ImageObject","inLanguage":"en-GB","@id":"https:\/\/kayros-eyewear.com\/producto\/loom-grey\/#primaryimage","url":"https:\/\/kayros-eyewear.com\/wp-content\/uploads\/2025\/11\/LOOM-C3-2-scaled.jpg","contentUrl":"https:\/\/kayros-eyewear.com\/wp-content\/uploads\/2025\/11\/LOOM-C3-2-scaled.jpg","width":2560,"height":1816},{"@type":"BreadcrumbList","@id":"https:\/\/kayros-eyewear.com\/producto\/loom-grey\/#breadcrumb","itemListElement":[{"@type":"ListItem","position":1,"name":"Portada","item":"https:\/\/kayros-eyewear.com\/"},{"@type":"ListItem","position":2,"name":"Products","item":"https:\/\/kayros-eyewear.com\/tienda\/"},{"@type":"ListItem","position":3,"name":"LOOM GREY"}]},{"@type":"WebSite","@id":"https:\/\/kayros-eyewear.com\/#website","url":"https:\/\/kayros-eyewear.com\/","name":"KAYROS EYEWEAR","description":"Kayros | gafas graduadas Barcelona Espa\u00f1a","publisher":{"@id":"https:\/\/kayros-eyewear.com\/#organization"},"potentialAction":[{"@type":"SearchAction","target":{"@type":"EntryPoint","urlTemplate":"https:\/\/kayros-eyewear.com\/?s={search_term_string}"},"query-input":{"@type":"PropertyValueSpecification","valueRequired":true,"valueName":"search_term_string"}}],"inLanguage":"en-GB"},{"@type":"Organization","@id":"https:\/\/kayros-eyewear.com\/#organization","name":"KAYROS EYEWEAR","url":"https:\/\/kayros-eyewear.com\/","logo":{"@type":"ImageObject","inLanguage":"en-GB","@id":"https:\/\/kayros-eyewear.com\/#\/schema\/logo\/image\/","url":"https:\/\/kayros-eyewear.com\/wp-content\/uploads\/2023\/09\/KAYROS-KAMALA-e1774266629866.png","contentUrl":"https:\/\/kayros-eyewear.com\/wp-content\/uploads\/2023\/09\/KAYROS-KAMALA-e1774266629866.png","width":1920,"height":195,"caption":"KAYROS EYEWEAR"},"image":{"@id":"https:\/\/kayros-eyewear.com\/#\/schema\/logo\/image\/"},"sameAs":["https:\/\/instagram.com\/kayroseyewear\/"]}]}},"_links":{"self":[{"href":"https:\/\/kayros-eyewear.com\/en\/wp-json\/wp\/v2\/product\/23386","targetHints":{"allow":["GET"]}}],"collection":[{"href":"https:\/\/kayros-eyewear.com\/en\/wp-json\/wp\/v2\/product"}],"about":[{"href":"https:\/\/kayros-eyewear.com\/en\/wp-json\/wp\/v2\/types\/product"}],"version-history":[{"count":1,"href":"https:\/\/kayros-eyewear.com\/en\/wp-json\/wp\/v2\/product\/23386\/revisions"}],"predecessor-version":[{"id":23387,"href":"https:\/\/kayros-eyewear.com\/en\/wp-json\/wp\/v2\/product\/23386\/revisions\/23387"}],"wp:featuredmedia":[{"embeddable":true,"href":"https:\/\/kayros-eyewear.com\/en\/wp-json\/wp\/v2\/media\/23381"}],"wp:attachment":[{"href":"https:\/\/kayros-eyewear.com\/en\/wp-json\/wp\/v2\/media?parent=23386"}],"wp:term":[{"taxonomy":"product_brand","embeddable":true,"href":"https:\/\/kayros-eyewear.com\/en\/wp-json\/wp\/v2\/product_brand?post=23386"},{"taxonomy":"product_cat","embeddable":true,"href":"https:\/\/kayros-eyewear.com\/en\/wp-json\/wp\/v2\/product_cat?post=23386"},{"taxonomy":"product_tag","embeddable":true,"href":"https:\/\/kayros-eyewear.com\/en\/wp-json\/wp\/v2\/product_tag?post=23386"}],"curies":[{"name":"wp","href":"https:\/\/api.w.org\/{rel}","templated":true}]}}